{"id":1491,"date":"2025-02-06T13:10:31","date_gmt":"2025-02-06T18:10:31","guid":{"rendered":"https:\/\/www.centrewilderton.com\/domicile\/"},"modified":"2026-02-19T12:42:14","modified_gmt":"2026-02-19T17:42:14","slug":"domicile","status":"publish","type":"page","link":"https:\/\/www.centrewilderton.com\/fr\/","title":{"rendered":"Domicile"},"content":{"rendered":"\t\t<div data-elementor-type=\"wp-page\" data-elementor-id=\"1491\" class=\"elementor elementor-1491 elementor-90\" data-elementor-post-type=\"page\">\n\t\t\t\t<div class=\"elementor-element elementor-element-4f2a67c e-con-full e-flex e-con e-parent\" data-id=\"4f2a67c\" data-element_type=\"container\">\n\t\t\t\t<div class=\"elementor-element elementor-element-77c526f elementor--h-position-center elementor--v-position-middle elementor-arrows-position-inside elementor-pagination-position-inside elementor-widget elementor-widget-slides\" data-id=\"77c526f\" data-element_type=\"widget\" data-settings=\"{&quot;navigation&quot;:&quot;both&quot;,&quot;autoplay&quot;:&quot;yes&quot;,&quot;pause_on_hover&quot;:&quot;yes&quot;,&quot;pause_on_interaction&quot;:&quot;yes&quot;,&quot;autoplay_speed&quot;:5000,&quot;infinite&quot;:&quot;yes&quot;,&quot;transition&quot;:&quot;slide&quot;,&quot;transition_speed&quot;:500}\" data-widget_type=\"slides.default\">\n\t\t\t\t<div class=\"elementor-widget-container\">\n\t\t\t\t\t\t\t\t\t<div class=\"elementor-swiper\">\n\t\t\t\t\t<div class=\"elementor-slides-wrapper elementor-main-swiper swiper\" role=\"region\" aria-roledescription=\"carousel\" aria-label=\"Slides\" dir=\"ltr\" data-animation=\"fadeInUp\">\n\t\t\t\t<div class=\"swiper-wrapper elementor-slides\">\n\t\t\t\t\t\t\t\t\t\t<div class=\"elementor-repeater-item-c3f8a5f swiper-slide\" role=\"group\" aria-roledescription=\"slide\"><div class=\"swiper-slide-bg\" role=\"img\" aria-label=\"Wilderton_Oct_2023-1 (1)\"><\/div><div class=\"swiper-slide-inner\" ><div class=\"swiper-slide-contents\"><\/div><\/div><\/div>\t\t\t\t<\/div>\n\t\t\t\t\t\t\t<\/div>\n\t\t\t\t<\/div>\n\t\t\t\t\t\t\t\t<\/div>\n\t\t\t\t<\/div>\n\t\t\t\t<\/div>\n\t\t<div class=\"elementor-element elementor-element-3034535b e-con-full e-flex e-con e-parent\" data-id=\"3034535b\" data-element_type=\"container\">\n\t\t<div class=\"elementor-element elementor-element-6a263b30 e-con-full e-flex e-con e-child\" data-id=\"6a263b30\" data-element_type=\"container\">\n\t\t\t\t<div class=\"elementor-element elementor-element-39b4cc8f elementor-widget elementor-widget-heading\" data-id=\"39b4cc8f\" data-element_type=\"widget\" data-widget_type=\"heading.default\">\n\t\t\t\t<div class=\"elementor-widget-container\">\n\t\t\t\t\t<h2 class=\"elementor-heading-title elementor-size-default\">Bonjour Montr\u00e9al!<\/h2>\t\t\t\t<\/div>\n\t\t\t\t<\/div>\n\t\t\t\t<div class=\"elementor-element elementor-element-2ef045f7 elementor-widget elementor-widget-heading\" data-id=\"2ef045f7\" data-element_type=\"widget\" data-widget_type=\"heading.default\">\n\t\t\t\t<div class=\"elementor-widget-container\">\n\t\t\t\t\t<h3 class=\"elementor-heading-title elementor-size-default\">Bienvenue au Centre Wilderton<\/h3>\t\t\t\t<\/div>\n\t\t\t\t<\/div>\n\t\t\t\t<div class=\"elementor-element elementor-element-6cca1cbf elementor-widget elementor-widget-text-editor\" data-id=\"6cca1cbf\" data-element_type=\"widget\" data-widget_type=\"text-editor.default\">\n\t\t\t\t<div class=\"elementor-widget-container\">\n\t\t\t\t\t\t\t\t\t<p>Un changement dynamique et passionnant est en train de s&#8217;op\u00e9rer \u00e0 C\u00f4te-des-Neiges, au nouveau Wilderton Centre. Ce centre multifonctionnel ultramoderne occupe plus de 130 000 pieds carr\u00e9s de surface locative brute commerciale et est ancr\u00e9 par un Metro et un Pharmaprix agrandis.  <\/p>\t\t\t\t\t\t\t\t<\/div>\n\t\t\t\t<\/div>\n\t\t\t\t<div class=\"elementor-element elementor-element-5b473ebf elementor-invisible elementor-widget elementor-widget-button\" data-id=\"5b473ebf\" data-element_type=\"widget\" data-settings=\"{&quot;_animation&quot;:&quot;fadeInDown&quot;}\" data-widget_type=\"button.default\">\n\t\t\t\t<div class=\"elementor-widget-container\">\n\t\t\t\t\t\t\t\t\t<div class=\"elementor-button-wrapper\">\n\t\t\t\t\t<a class=\"elementor-button elementor-button-link elementor-size-sm\" href=\"\/fr\/directory\/\">\n\t\t\t\t\t\t<span class=\"elementor-button-content-wrapper\">\n\t\t\t\t\t\t\t\t\t<span class=\"elementor-button-text\">Notre Magazines<\/span>\n\t\t\t\t\t<\/span>\n\t\t\t\t\t<\/a>\n\t\t\t\t<\/div>\n\t\t\t\t\t\t\t\t<\/div>\n\t\t\t\t<\/div>\n\t\t\t\t<\/div>\n\t\t<div class=\"elementor-element elementor-element-5b47e6ab e-con-full e-flex e-con e-child\" data-id=\"5b47e6ab\" data-element_type=\"container\">\n\t\t\t\t<div class=\"elementor-element elementor-element-3f9683f3 elementor-widget elementor-widget-image\" data-id=\"3f9683f3\" data-element_type=\"widget\" data-widget_type=\"image.default\">\n\t\t\t\t<div class=\"elementor-widget-container\">\n\t\t\t\t\t\t\t\t\t\t\t\t\t\t\t<img fetchpriority=\"high\" decoding=\"async\" width=\"1058\" height=\"510\" src=\"https:\/\/www.centrewilderton.com\/wp-content\/uploads\/sites\/11\/2026\/01\/wix-web-banner-22-e1768510931741.jpg\" class=\"attachment-full size-full wp-image-1485\" alt=\"\" srcset=\"https:\/\/www.centrewilderton.com\/wp-content\/uploads\/sites\/11\/2026\/01\/wix-web-banner-22-e1768510931741.jpg 1058w, https:\/\/www.centrewilderton.com\/wp-content\/uploads\/sites\/11\/2026\/01\/wix-web-banner-22-e1768510931741-300x145.jpg 300w, https:\/\/www.centrewilderton.com\/wp-content\/uploads\/sites\/11\/2026\/01\/wix-web-banner-22-e1768510931741-1024x494.jpg 1024w, https:\/\/www.centrewilderton.com\/wp-content\/uploads\/sites\/11\/2026\/01\/wix-web-banner-22-e1768510931741-768x370.jpg 768w\" sizes=\"(max-width: 1058px) 100vw, 1058px\" \/>\t\t\t\t\t\t\t\t\t\t\t\t\t\t\t<\/div>\n\t\t\t\t<\/div>\n\t\t\t\t<\/div>\n\t\t\t\t<\/div>\n\t\t<div class=\"elementor-element elementor-element-0f7aa76 e-flex e-con-boxed e-con e-parent\" data-id=\"0f7aa76\" data-element_type=\"container\">\n\t\t\t\t\t<div class=\"e-con-inner\">\n\t\t\t\t<div class=\"elementor-element elementor-element-ac9fb90 elementor-widget elementor-widget-heading\" data-id=\"ac9fb90\" data-element_type=\"widget\" data-widget_type=\"heading.default\">\n\t\t\t\t<div class=\"elementor-widget-container\">\n\t\t\t\t\t<h2 class=\"elementor-heading-title elementor-size-default\">Locataires principaux<\/h2>\t\t\t\t<\/div>\n\t\t\t\t<\/div>\n\t\t\t\t\t<\/div>\n\t\t\t\t<\/div>\n\t\t<div class=\"elementor-element elementor-element-740060a e-flex e-con-boxed e-con e-parent\" data-id=\"740060a\" data-element_type=\"container\">\n\t\t\t\t\t<div class=\"e-con-inner\">\n\t\t\t\t<div class=\"elementor-element elementor-element-bd5662e elementor-widget elementor-widget-image\" data-id=\"bd5662e\" data-element_type=\"widget\" data-widget_type=\"image.default\">\n\t\t\t\t<div class=\"elementor-widget-container\">\n\t\t\t\t\t\t\t\t\t\t\t\t\t\t\t\t<a href=\"https:\/\/www.centrewilderton.com\/fr\/directory\/dollarama\/\">\n\t\t\t\t\t\t\t<img decoding=\"async\" width=\"300\" height=\"150\" src=\"https:\/\/www.centrewilderton.com\/wp-content\/uploads\/sites\/11\/2026\/01\/cibc-300x150.png\" class=\"attachment-medium size-medium wp-image-1486\" alt=\"\" srcset=\"https:\/\/www.centrewilderton.com\/wp-content\/uploads\/sites\/11\/2026\/01\/cibc-300x150.png 300w, https:\/\/www.centrewilderton.com\/wp-content\/uploads\/sites\/11\/2026\/01\/cibc-768x384.png 768w, https:\/\/www.centrewilderton.com\/wp-content\/uploads\/sites\/11\/2026\/01\/cibc.png 1000w\" sizes=\"(max-width: 300px) 100vw, 300px\" \/>\t\t\t\t\t\t\t\t<\/a>\n\t\t\t\t\t\t\t\t\t\t\t\t\t\t\t<\/div>\n\t\t\t\t<\/div>\n\t\t\t\t<div class=\"elementor-element elementor-element-dd091f0 elementor-widget elementor-widget-image\" data-id=\"dd091f0\" data-element_type=\"widget\" data-widget_type=\"image.default\">\n\t\t\t\t<div class=\"elementor-widget-container\">\n\t\t\t\t\t\t\t\t\t\t\t\t\t\t\t\t<a href=\"https:\/\/www.centrewilderton.com\/fr\/directory\/metro\/\">\n\t\t\t\t\t\t\t<img decoding=\"async\" width=\"300\" height=\"150\" src=\"https:\/\/www.centrewilderton.com\/wp-content\/uploads\/sites\/11\/2026\/01\/cibc-4-300x150.png\" class=\"attachment-medium size-medium wp-image-1487\" alt=\"\" srcset=\"https:\/\/www.centrewilderton.com\/wp-content\/uploads\/sites\/11\/2026\/01\/cibc-4-300x150.png 300w, https:\/\/www.centrewilderton.com\/wp-content\/uploads\/sites\/11\/2026\/01\/cibc-4-768x384.png 768w, https:\/\/www.centrewilderton.com\/wp-content\/uploads\/sites\/11\/2026\/01\/cibc-4.png 1000w\" sizes=\"(max-width: 300px) 100vw, 300px\" \/>\t\t\t\t\t\t\t\t<\/a>\n\t\t\t\t\t\t\t\t\t\t\t\t\t\t\t<\/div>\n\t\t\t\t<\/div>\n\t\t\t\t<div class=\"elementor-element elementor-element-c4e9934 elementor-widget elementor-widget-image\" data-id=\"c4e9934\" data-element_type=\"widget\" data-widget_type=\"image.default\">\n\t\t\t\t<div class=\"elementor-widget-container\">\n\t\t\t\t\t\t\t\t\t\t\t\t\t\t\t\t<a href=\"https:\/\/www.centrewilderton.com\/fr\/directory\/banque-royal\/\">\n\t\t\t\t\t\t\t<img loading=\"lazy\" decoding=\"async\" width=\"300\" height=\"150\" src=\"https:\/\/www.centrewilderton.com\/wp-content\/uploads\/sites\/11\/2026\/01\/cibc-3-300x150.png\" class=\"attachment-medium size-medium wp-image-1488\" alt=\"\" srcset=\"https:\/\/www.centrewilderton.com\/wp-content\/uploads\/sites\/11\/2026\/01\/cibc-3-300x150.png 300w, https:\/\/www.centrewilderton.com\/wp-content\/uploads\/sites\/11\/2026\/01\/cibc-3-768x384.png 768w, https:\/\/www.centrewilderton.com\/wp-content\/uploads\/sites\/11\/2026\/01\/cibc-3.png 1000w\" sizes=\"(max-width: 300px) 100vw, 300px\" \/>\t\t\t\t\t\t\t\t<\/a>\n\t\t\t\t\t\t\t\t\t\t\t\t\t\t\t<\/div>\n\t\t\t\t<\/div>\n\t\t\t\t<div class=\"elementor-element elementor-element-0120fc3 elementor-widget elementor-widget-image\" data-id=\"0120fc3\" data-element_type=\"widget\" data-widget_type=\"image.default\">\n\t\t\t\t<div class=\"elementor-widget-container\">\n\t\t\t\t\t\t\t\t\t\t\t\t\t\t\t\t<a href=\"https:\/\/www.centrewilderton.com\/fr\/directory\/pharmaprix\/\">\n\t\t\t\t\t\t\t<img loading=\"lazy\" decoding=\"async\" width=\"300\" height=\"150\" src=\"https:\/\/www.centrewilderton.com\/wp-content\/uploads\/sites\/11\/2026\/01\/cibc-2-300x150.png\" class=\"attachment-medium size-medium wp-image-1489\" alt=\"\" srcset=\"https:\/\/www.centrewilderton.com\/wp-content\/uploads\/sites\/11\/2026\/01\/cibc-2-300x150.png 300w, https:\/\/www.centrewilderton.com\/wp-content\/uploads\/sites\/11\/2026\/01\/cibc-2-768x384.png 768w, https:\/\/www.centrewilderton.com\/wp-content\/uploads\/sites\/11\/2026\/01\/cibc-2.png 1000w\" sizes=\"(max-width: 300px) 100vw, 300px\" \/>\t\t\t\t\t\t\t\t<\/a>\n\t\t\t\t\t\t\t\t\t\t\t\t\t\t\t<\/div>\n\t\t\t\t<\/div>\n\t\t\t\t\t<\/div>\n\t\t\t\t<\/div>\n\t\t\t\t<\/div>\n\t\t","protected":false},"excerpt":{"rendered":"<p>Bonjour Montr\u00e9al! Bienvenue au Centre Wilderton Un changement dynamique et passionnant est en train de s&#8217;op\u00e9rer \u00e0 C\u00f4te-des-Neiges, au nouveau Wilderton Centre. Ce centre multifonctionnel ultramoderne occupe plus de 130 000 pieds carr\u00e9s de surface locative brute commerciale et est ancr\u00e9 par un Metro et un Pharmaprix agrandis. Notre Magazines Locataires principaux<\/p>\n","protected":false},"author":1,"featured_media":1482,"parent":0,"menu_order":0,"comment_status":"closed","ping_status":"closed","template":"elementor_theme","meta":{"_acf_changed":false,"footnotes":""},"class_list":["post-1491","page","type-page","status-publish","has-post-thumbnail","hentry"],"acf":[],"yoast_head":"<!-- This site is optimized with the Yoast SEO plugin v26.0 - https:\/\/yoast.com\/wordpress\/plugins\/seo\/ -->\n<title>Domicile - Centre Wilderton<\/title>\n<meta name=\"description\" content=\"Le Centre Wilderton comprend une vari\u00e9t\u00e9 de restaurants, de magasins et de services, ce qui en fait un lieu unique pour tous vos besoins quotidiens.\" \/>\n<meta name=\"robots\" content=\"index, follow, max-snippet:-1, max-image-preview:large, max-video-preview:-1\" \/>\n<link rel=\"canonical\" href=\"https:\/\/www.centrewilderton.com\/fr\/\" \/>\n<meta property=\"og:locale\" content=\"fr_FR\" \/>\n<meta property=\"og:type\" content=\"article\" \/>\n<meta property=\"og:title\" content=\"Domicile - Centre Wilderton\" \/>\n<meta property=\"og:description\" content=\"Le Centre Wilderton comprend une vari\u00e9t\u00e9 de restaurants, de magasins et de services, ce qui en fait un lieu unique pour tous vos besoins quotidiens.\" \/>\n<meta property=\"og:url\" content=\"https:\/\/www.centrewilderton.com\/fr\/\" \/>\n<meta property=\"og:site_name\" content=\"Centre Wilderton\" \/>\n<meta property=\"article:modified_time\" content=\"2026-02-19T17:42:14+00:00\" \/>\n<meta property=\"og:image\" content=\"https:\/\/www.centrewilderton.com\/wp-content\/uploads\/sites\/11\/2025\/11\/Website-Property-Banner-Image-Central--e1764270697100.jpg\" \/>\n\t<meta property=\"og:image:width\" content=\"1517\" \/>\n\t<meta property=\"og:image:height\" content=\"900\" \/>\n\t<meta property=\"og:image:type\" content=\"image\/jpeg\" \/>\n<meta name=\"twitter:card\" content=\"summary_large_image\" \/>\n<meta name=\"twitter:label1\" content=\"Dur\u00e9e de lecture estim\u00e9e\" \/>\n\t<meta name=\"twitter:data1\" content=\"2 minutes\" \/>\n<script type=\"application\/ld+json\" class=\"yoast-schema-graph\">{\"@context\":\"https:\/\/schema.org\",\"@graph\":[{\"@type\":\"WebPage\",\"@id\":\"https:\/\/www.centrewilderton.com\/fr\/\",\"url\":\"https:\/\/www.centrewilderton.com\/fr\/\",\"name\":\"Domicile - Centre Wilderton\",\"isPartOf\":{\"@id\":\"https:\/\/www.centrewilderton.com\/fr\/#website\"},\"primaryImageOfPage\":{\"@id\":\"https:\/\/www.centrewilderton.com\/fr\/#primaryimage\"},\"image\":{\"@id\":\"https:\/\/www.centrewilderton.com\/fr\/#primaryimage\"},\"thumbnailUrl\":\"https:\/\/www.centrewilderton.com\/wp-content\/uploads\/sites\/11\/2025\/11\/Website-Property-Banner-Image-Central--e1764270697100.jpg\",\"datePublished\":\"2025-02-06T18:10:31+00:00\",\"dateModified\":\"2026-02-19T17:42:14+00:00\",\"description\":\"Le Centre Wilderton comprend une vari\u00e9t\u00e9 de restaurants, de magasins et de services, ce qui en fait un lieu unique pour tous vos besoins quotidiens.\",\"breadcrumb\":{\"@id\":\"https:\/\/www.centrewilderton.com\/fr\/#breadcrumb\"},\"inLanguage\":\"fr-FR\",\"potentialAction\":[{\"@type\":\"ReadAction\",\"target\":[\"https:\/\/www.centrewilderton.com\/fr\/\"]}]},{\"@type\":\"ImageObject\",\"inLanguage\":\"fr-FR\",\"@id\":\"https:\/\/www.centrewilderton.com\/fr\/#primaryimage\",\"url\":\"https:\/\/www.centrewilderton.com\/wp-content\/uploads\/sites\/11\/2025\/11\/Website-Property-Banner-Image-Central--e1764270697100.jpg\",\"contentUrl\":\"https:\/\/www.centrewilderton.com\/wp-content\/uploads\/sites\/11\/2025\/11\/Website-Property-Banner-Image-Central--e1764270697100.jpg\",\"width\":1517,\"height\":900},{\"@type\":\"BreadcrumbList\",\"@id\":\"https:\/\/www.centrewilderton.com\/fr\/#breadcrumb\",\"itemListElement\":[{\"@type\":\"ListItem\",\"position\":1,\"name\":\"Home\",\"item\":\"https:\/\/www.centrewilderton.com\/fr\/\"},{\"@type\":\"ListItem\",\"position\":2,\"name\":\"Domicile\"}]},{\"@type\":\"WebSite\",\"@id\":\"https:\/\/www.centrewilderton.com\/fr\/#website\",\"url\":\"https:\/\/www.centrewilderton.com\/fr\/\",\"name\":\"Centre Wilderton\",\"description\":\"\",\"potentialAction\":[{\"@type\":\"SearchAction\",\"target\":{\"@type\":\"EntryPoint\",\"urlTemplate\":\"https:\/\/www.centrewilderton.com\/fr\/?s={search_term_string}\"},\"query-input\":{\"@type\":\"PropertyValueSpecification\",\"valueRequired\":true,\"valueName\":\"search_term_string\"}}],\"inLanguage\":\"fr-FR\"}]}<\/script>\n<!-- \/ Yoast SEO plugin. -->","yoast_head_json":{"title":"Domicile - Centre Wilderton","description":"Le Centre Wilderton comprend une vari\u00e9t\u00e9 de restaurants, de magasins et de services, ce qui en fait un lieu unique pour tous vos besoins quotidiens.","robots":{"index":"index","follow":"follow","max-snippet":"max-snippet:-1","max-image-preview":"max-image-preview:large","max-video-preview":"max-video-preview:-1"},"canonical":"https:\/\/www.centrewilderton.com\/fr\/","og_locale":"fr_FR","og_type":"article","og_title":"Domicile - Centre Wilderton","og_description":"Le Centre Wilderton comprend une vari\u00e9t\u00e9 de restaurants, de magasins et de services, ce qui en fait un lieu unique pour tous vos besoins quotidiens.","og_url":"https:\/\/www.centrewilderton.com\/fr\/","og_site_name":"Centre Wilderton","article_modified_time":"2026-02-19T17:42:14+00:00","og_image":[{"width":1517,"height":900,"url":"https:\/\/www.centrewilderton.com\/wp-content\/uploads\/sites\/11\/2025\/11\/Website-Property-Banner-Image-Central--e1764270697100.jpg","type":"image\/jpeg"}],"twitter_card":"summary_large_image","twitter_misc":{"Dur\u00e9e de lecture estim\u00e9e":"2 minutes"},"schema":{"@context":"https:\/\/schema.org","@graph":[{"@type":"WebPage","@id":"https:\/\/www.centrewilderton.com\/fr\/","url":"https:\/\/www.centrewilderton.com\/fr\/","name":"Domicile - Centre Wilderton","isPartOf":{"@id":"https:\/\/www.centrewilderton.com\/fr\/#website"},"primaryImageOfPage":{"@id":"https:\/\/www.centrewilderton.com\/fr\/#primaryimage"},"image":{"@id":"https:\/\/www.centrewilderton.com\/fr\/#primaryimage"},"thumbnailUrl":"https:\/\/www.centrewilderton.com\/wp-content\/uploads\/sites\/11\/2025\/11\/Website-Property-Banner-Image-Central--e1764270697100.jpg","datePublished":"2025-02-06T18:10:31+00:00","dateModified":"2026-02-19T17:42:14+00:00","description":"Le Centre Wilderton comprend une vari\u00e9t\u00e9 de restaurants, de magasins et de services, ce qui en fait un lieu unique pour tous vos besoins quotidiens.","breadcrumb":{"@id":"https:\/\/www.centrewilderton.com\/fr\/#breadcrumb"},"inLanguage":"fr-FR","potentialAction":[{"@type":"ReadAction","target":["https:\/\/www.centrewilderton.com\/fr\/"]}]},{"@type":"ImageObject","inLanguage":"fr-FR","@id":"https:\/\/www.centrewilderton.com\/fr\/#primaryimage","url":"https:\/\/www.centrewilderton.com\/wp-content\/uploads\/sites\/11\/2025\/11\/Website-Property-Banner-Image-Central--e1764270697100.jpg","contentUrl":"https:\/\/www.centrewilderton.com\/wp-content\/uploads\/sites\/11\/2025\/11\/Website-Property-Banner-Image-Central--e1764270697100.jpg","width":1517,"height":900},{"@type":"BreadcrumbList","@id":"https:\/\/www.centrewilderton.com\/fr\/#breadcrumb","itemListElement":[{"@type":"ListItem","position":1,"name":"Home","item":"https:\/\/www.centrewilderton.com\/fr\/"},{"@type":"ListItem","position":2,"name":"Domicile"}]},{"@type":"WebSite","@id":"https:\/\/www.centrewilderton.com\/fr\/#website","url":"https:\/\/www.centrewilderton.com\/fr\/","name":"Centre Wilderton","description":"","potentialAction":[{"@type":"SearchAction","target":{"@type":"EntryPoint","urlTemplate":"https:\/\/www.centrewilderton.com\/fr\/?s={search_term_string}"},"query-input":{"@type":"PropertyValueSpecification","valueRequired":true,"valueName":"search_term_string"}}],"inLanguage":"fr-FR"}]}},"_links":{"self":[{"href":"https:\/\/www.centrewilderton.com\/fr\/wp-json\/wp\/v2\/pages\/1491","targetHints":{"allow":["GET"]}}],"collection":[{"href":"https:\/\/www.centrewilderton.com\/fr\/wp-json\/wp\/v2\/pages"}],"about":[{"href":"https:\/\/www.centrewilderton.com\/fr\/wp-json\/wp\/v2\/types\/page"}],"author":[{"embeddable":true,"href":"https:\/\/www.centrewilderton.com\/fr\/wp-json\/wp\/v2\/users\/1"}],"replies":[{"embeddable":true,"href":"https:\/\/www.centrewilderton.com\/fr\/wp-json\/wp\/v2\/comments?post=1491"}],"version-history":[{"count":6,"href":"https:\/\/www.centrewilderton.com\/fr\/wp-json\/wp\/v2\/pages\/1491\/revisions"}],"predecessor-version":[{"id":1537,"href":"https:\/\/www.centrewilderton.com\/fr\/wp-json\/wp\/v2\/pages\/1491\/revisions\/1537"}],"wp:featuredmedia":[{"embeddable":true,"href":"https:\/\/www.centrewilderton.com\/fr\/wp-json\/wp\/v2\/media\/1482"}],"wp:attachment":[{"href":"https:\/\/www.centrewilderton.com\/fr\/wp-json\/wp\/v2\/media?parent=1491"}],"curies":[{"name":"wp","href":"https:\/\/api.w.org\/{rel}","templated":true}]}}