{"id":1483,"date":"2025-02-06T13:10:16","date_gmt":"2025-02-06T18:10:16","guid":{"rendered":"https:\/\/www.centrewilderton.com\/contact\/"},"modified":"2026-03-23T08:28:12","modified_gmt":"2026-03-23T12:28:12","slug":"contact","status":"publish","type":"page","link":"https:\/\/www.centrewilderton.com\/fr\/contact\/","title":{"rendered":"Contact"},"content":{"rendered":"\t\t<div data-elementor-type=\"wp-page\" data-elementor-id=\"1483\" class=\"elementor elementor-1483 elementor-57\" data-elementor-post-type=\"page\">\n\t\t\t\t<div class=\"elementor-element elementor-element-1c606f3 e-flex e-con-boxed e-con e-parent\" data-id=\"1c606f3\" data-element_type=\"container\">\n\t\t\t\t\t<div class=\"e-con-inner\">\n\t\t\t\t<div class=\"elementor-element elementor-element-51f0e98 elementor-widget elementor-widget-spacer\" data-id=\"51f0e98\" data-element_type=\"widget\" data-widget_type=\"spacer.default\">\n\t\t\t\t<div class=\"elementor-widget-container\">\n\t\t\t\t\t\t\t<div class=\"elementor-spacer\">\n\t\t\t<div class=\"elementor-spacer-inner\"><\/div>\n\t\t<\/div>\n\t\t\t\t\t\t<\/div>\n\t\t\t\t<\/div>\n\t\t\t\t<div class=\"elementor-element elementor-element-c9cb580 elementor-widget elementor-widget-heading\" data-id=\"c9cb580\" data-element_type=\"widget\" data-widget_type=\"heading.default\">\n\t\t\t\t<div class=\"elementor-widget-container\">\n\t\t\t\t\t<h2 class=\"elementor-heading-title elementor-size-default\">Nous contacter<\/h2>\t\t\t\t<\/div>\n\t\t\t\t<\/div>\n\t\t\t\t\t<\/div>\n\t\t\t\t<\/div>\n\t\t<div class=\"elementor-element elementor-element-7ff7489 e-flex e-con-boxed e-con e-parent\" data-id=\"7ff7489\" data-element_type=\"container\">\n\t\t\t\t\t<div class=\"e-con-inner\">\n\t\t<div class=\"elementor-element elementor-element-5a515c0 e-con-full e-flex e-con e-child\" data-id=\"5a515c0\" data-element_type=\"container\">\n\t\t\t\t<div class=\"elementor-element elementor-element-1cfa229 elementor-widget elementor-widget-text-editor\" data-id=\"1cfa229\" data-element_type=\"widget\" data-widget_type=\"text-editor.default\">\n\t\t\t\t<div class=\"elementor-widget-container\">\n\t\t\t\t\t\t\t\t\t<p class=\"font_8 wixui-rich-text__text\"><strong>Contact op\u00e9rations<\/strong><\/p><p>Helen Kordatzis, directrice g\u00e9n\u00e9rale<\/p><p><a href=\"mailto:helen.kordatzis@fcr.ca\">helen.kordatzis@fcr.ca<\/a><\/p><p>514-467-6815<\/p><p><strong>Contrat de location<\/strong><\/p><p>Philip Haralambides, Directeur principal, Location<\/p><p><a href=\"mailto:philip.haralambides@fcr.ca\">philip.haralambides@fcr.ca<\/a><\/p><p>514-241-5374<\/p>\t\t\t\t\t\t\t\t<\/div>\n\t\t\t\t<\/div>\n\t\t\t\t<\/div>\n\t\t<div class=\"elementor-element elementor-element-f2efa9a e-con-full e-flex e-con e-child\" data-id=\"f2efa9a\" data-element_type=\"container\">\n\t\t\t\t<div class=\"elementor-element elementor-element-1e15316 elementor-button-align-stretch elementor-widget elementor-widget-form\" data-id=\"1e15316\" data-element_type=\"widget\" data-settings=\"{&quot;step_next_label&quot;:&quot;Suivant&quot;,&quot;step_previous_label&quot;:&quot;Pr\\u00e9c\\u00e9dent&quot;,&quot;button_width&quot;:&quot;100&quot;,&quot;step_type&quot;:&quot;number_text&quot;,&quot;step_icon_shape&quot;:&quot;circle&quot;}\" data-widget_type=\"form.default\">\n\t\t\t\t<div class=\"elementor-widget-container\">\n\t\t\t\t\t\t\t<form class=\"elementor-form\" method=\"post\" name=\"Formulaire de contact\" aria-label=\"Formulaire de contact\">\n\t\t\t<input type=\"hidden\" name=\"post_id\" value=\"1483\"\/>\n\t\t\t<input type=\"hidden\" name=\"form_id\" value=\"1e15316\"\/>\n\t\t\t<input type=\"hidden\" name=\"referer_title\" value=\"Contact - Centre Wilderton\" \/>\n\n\t\t\t\t\t\t\t<input type=\"hidden\" name=\"queried_id\" value=\"1483\"\/>\n\t\t\t\n\t\t\t<div class=\"elementor-form-fields-wrapper elementor-labels-above\">\n\t\t\t\t\t\t\t\t<div class=\"elementor-field-type-text elementor-field-group elementor-column elementor-field-group-contact_firstname elementor-col-100 elementor-field-required elementor-mark-required\">\n\t\t\t\t\t\t\t\t\t\t\t\t<label for=\"form-field-contact_firstname\" class=\"elementor-field-label\">\n\t\t\t\t\t\t\t\tpr\u00e9nom\t\t\t\t\t\t\t<\/label>\n\t\t\t\t\t\t\t\t\t\t\t\t\t\t<input size=\"1\" type=\"text\" name=\"form_fields[contact_firstname]\" id=\"form-field-contact_firstname\" class=\"elementor-field elementor-size-sm  elementor-field-textual\" placeholder=\"pr\u00e9nom\" required=\"required\">\n\t\t\t\t\t\t\t\t\t\t\t<\/div>\n\t\t\t\t\t\t\t\t<div class=\"elementor-field-type-text elementor-field-group elementor-column elementor-field-group-contact_lastname elementor-col-100\">\n\t\t\t\t\t\t\t\t\t\t\t\t<label for=\"form-field-contact_lastname\" class=\"elementor-field-label\">\n\t\t\t\t\t\t\t\tNom de famille\t\t\t\t\t\t\t<\/label>\n\t\t\t\t\t\t\t\t\t\t\t\t\t\t<input size=\"1\" type=\"text\" name=\"form_fields[contact_lastname]\" id=\"form-field-contact_lastname\" class=\"elementor-field elementor-size-sm  elementor-field-textual\" placeholder=\"Nom de famille\">\n\t\t\t\t\t\t\t\t\t\t\t<\/div>\n\t\t\t\t\t\t\t\t<div class=\"elementor-field-type-email elementor-field-group elementor-column elementor-field-group-contact_email elementor-col-100 elementor-field-required elementor-mark-required\">\n\t\t\t\t\t\t\t\t\t\t\t\t<label for=\"form-field-contact_email\" class=\"elementor-field-label\">\n\t\t\t\t\t\t\t\tcourriel\t\t\t\t\t\t\t<\/label>\n\t\t\t\t\t\t\t\t\t\t\t\t\t\t<input size=\"1\" type=\"email\" name=\"form_fields[contact_email]\" id=\"form-field-contact_email\" class=\"elementor-field elementor-size-sm  elementor-field-textual\" placeholder=\"courriel\" required=\"required\">\n\t\t\t\t\t\t\t\t\t\t\t<\/div>\n\t\t\t\t\t\t\t\t<div class=\"elementor-field-type-textarea elementor-field-group elementor-column elementor-field-group-contact_message elementor-col-100 elementor-field-required elementor-mark-required\">\n\t\t\t\t\t\t\t\t\t\t\t\t<label for=\"form-field-contact_message\" class=\"elementor-field-label\">\n\t\t\t\t\t\t\t\tMessage\t\t\t\t\t\t\t<\/label>\n\t\t\t\t\t\t<textarea class=\"elementor-field-textual elementor-field  elementor-size-sm\" name=\"form_fields[contact_message]\" id=\"form-field-contact_message\" rows=\"4\" placeholder=\"Message\" required=\"required\"><\/textarea>\t\t\t\t<\/div>\n\t\t\t\t\t\t\t\t<div class=\"elementor-field-type-recaptcha_v3 elementor-field-group elementor-column elementor-field-group-field_16390c4 elementor-col-100 recaptcha_v3-inline\">\n\t\t\t\t\t<div class=\"elementor-field\" id=\"form-field-field_16390c4\"><div class=\"elementor-g-recaptcha\" data-sitekey=\"6LeNU5EsAAAAAO1iYagBsPUZh0RO_oeYMN8QKSRo\" data-type=\"v3\" data-action=\"Form\" data-badge=\"inline\" data-size=\"invisible\"><\/div><\/div>\t\t\t\t<\/div>\n\t\t\t\t\t\t\t\t<div class=\"elementor-field-group elementor-column elementor-field-type-submit elementor-col-100 e-form__buttons\">\n\t\t\t\t\t<button class=\"elementor-button elementor-size-sm\" type=\"submit\">\n\t\t\t\t\t\t<span class=\"elementor-button-content-wrapper\">\n\t\t\t\t\t\t\t\t\t\t\t\t\t\t\t\t\t\t\t\t\t\t<span class=\"elementor-button-text\">Envoyer<\/span>\n\t\t\t\t\t\t\t\t\t\t\t\t\t<\/span>\n\t\t\t\t\t<\/button>\n\t\t\t\t<\/div>\n\t\t\t<\/div>\n\t\t<\/form>\n\t\t\t\t\t\t<\/div>\n\t\t\t\t<\/div>\n\t\t\t\t<\/div>\n\t\t\t\t\t<\/div>\n\t\t\t\t<\/div>\n\t\t\t\t<\/div>\n\t\t","protected":false},"excerpt":{"rendered":"<p>Nous contacter Contact op\u00e9rations Helen Kordatzis, directrice g\u00e9n\u00e9rale helen.kordatzis@fcr.ca 514-467-6815 Contrat de location Philip Haralambides, Directeur principal, Location philip.haralambides@fcr.ca 514-241-5374<\/p>\n","protected":false},"author":1,"featured_media":1482,"parent":0,"menu_order":0,"comment_status":"closed","ping_status":"closed","template":"elementor_theme","meta":{"_acf_changed":false,"footnotes":""},"class_list":["post-1483","page","type-page","status-publish","has-post-thumbnail","hentry"],"acf":[],"yoast_head":"<!-- This site is optimized with the Yoast SEO plugin v26.0 - https:\/\/yoast.com\/wordpress\/plugins\/seo\/ -->\n<title>Contact - Centre Wilderton<\/title>\n<meta name=\"robots\" content=\"index, follow, max-snippet:-1, max-image-preview:large, max-video-preview:-1\" \/>\n<link rel=\"canonical\" href=\"https:\/\/www.centrewilderton.com\/fr\/contact\/\" \/>\n<meta property=\"og:locale\" content=\"fr_FR\" \/>\n<meta property=\"og:type\" content=\"article\" \/>\n<meta property=\"og:title\" content=\"Contact - Centre Wilderton\" \/>\n<meta property=\"og:description\" content=\"Nous contacter Contact op\u00e9rations Helen Kordatzis, directrice g\u00e9n\u00e9rale helen.kordatzis@fcr.ca 514-467-6815 Contrat de location Philip Haralambides, Directeur principal, Location philip.haralambides@fcr.ca 514-241-5374\" \/>\n<meta property=\"og:url\" content=\"https:\/\/www.centrewilderton.com\/fr\/contact\/\" \/>\n<meta property=\"og:site_name\" content=\"Centre Wilderton\" \/>\n<meta property=\"article:modified_time\" content=\"2026-03-23T12:28:12+00:00\" \/>\n<meta property=\"og:image\" content=\"https:\/\/www.centrewilderton.com\/wp-content\/uploads\/sites\/11\/2025\/11\/Website-Property-Banner-Image-Central--e1764270697100.jpg\" \/>\n\t<meta property=\"og:image:width\" content=\"1517\" \/>\n\t<meta property=\"og:image:height\" content=\"900\" \/>\n\t<meta property=\"og:image:type\" content=\"image\/jpeg\" \/>\n<meta name=\"twitter:card\" content=\"summary_large_image\" \/>\n<meta name=\"twitter:label1\" content=\"Dur\u00e9e de lecture estim\u00e9e\" \/>\n\t<meta name=\"twitter:data1\" content=\"1 minute\" \/>\n<script type=\"application\/ld+json\" class=\"yoast-schema-graph\">{\"@context\":\"https:\/\/schema.org\",\"@graph\":[{\"@type\":\"WebPage\",\"@id\":\"https:\/\/www.centrewilderton.com\/fr\/contact\/\",\"url\":\"https:\/\/www.centrewilderton.com\/fr\/contact\/\",\"name\":\"Contact - Centre Wilderton\",\"isPartOf\":{\"@id\":\"https:\/\/www.centrewilderton.com\/fr\/#website\"},\"primaryImageOfPage\":{\"@id\":\"https:\/\/www.centrewilderton.com\/fr\/contact\/#primaryimage\"},\"image\":{\"@id\":\"https:\/\/www.centrewilderton.com\/fr\/contact\/#primaryimage\"},\"thumbnailUrl\":\"https:\/\/www.centrewilderton.com\/wp-content\/uploads\/sites\/11\/2025\/11\/Website-Property-Banner-Image-Central--e1764270697100.jpg\",\"datePublished\":\"2025-02-06T18:10:16+00:00\",\"dateModified\":\"2026-03-23T12:28:12+00:00\",\"breadcrumb\":{\"@id\":\"https:\/\/www.centrewilderton.com\/fr\/contact\/#breadcrumb\"},\"inLanguage\":\"fr-FR\",\"potentialAction\":[{\"@type\":\"ReadAction\",\"target\":[\"https:\/\/www.centrewilderton.com\/fr\/contact\/\"]}]},{\"@type\":\"ImageObject\",\"inLanguage\":\"fr-FR\",\"@id\":\"https:\/\/www.centrewilderton.com\/fr\/contact\/#primaryimage\",\"url\":\"https:\/\/www.centrewilderton.com\/wp-content\/uploads\/sites\/11\/2025\/11\/Website-Property-Banner-Image-Central--e1764270697100.jpg\",\"contentUrl\":\"https:\/\/www.centrewilderton.com\/wp-content\/uploads\/sites\/11\/2025\/11\/Website-Property-Banner-Image-Central--e1764270697100.jpg\",\"width\":1517,\"height\":900},{\"@type\":\"BreadcrumbList\",\"@id\":\"https:\/\/www.centrewilderton.com\/fr\/contact\/#breadcrumb\",\"itemListElement\":[{\"@type\":\"ListItem\",\"position\":1,\"name\":\"Home\",\"item\":\"https:\/\/www.centrewilderton.com\/fr\/\"},{\"@type\":\"ListItem\",\"position\":2,\"name\":\"Contact\"}]},{\"@type\":\"WebSite\",\"@id\":\"https:\/\/www.centrewilderton.com\/fr\/#website\",\"url\":\"https:\/\/www.centrewilderton.com\/fr\/\",\"name\":\"Centre Wilderton\",\"description\":\"\",\"potentialAction\":[{\"@type\":\"SearchAction\",\"target\":{\"@type\":\"EntryPoint\",\"urlTemplate\":\"https:\/\/www.centrewilderton.com\/fr\/?s={search_term_string}\"},\"query-input\":{\"@type\":\"PropertyValueSpecification\",\"valueRequired\":true,\"valueName\":\"search_term_string\"}}],\"inLanguage\":\"fr-FR\"}]}<\/script>\n<!-- \/ Yoast SEO plugin. -->","yoast_head_json":{"title":"Contact - Centre Wilderton","robots":{"index":"index","follow":"follow","max-snippet":"max-snippet:-1","max-image-preview":"max-image-preview:large","max-video-preview":"max-video-preview:-1"},"canonical":"https:\/\/www.centrewilderton.com\/fr\/contact\/","og_locale":"fr_FR","og_type":"article","og_title":"Contact - Centre Wilderton","og_description":"Nous contacter Contact op\u00e9rations Helen Kordatzis, directrice g\u00e9n\u00e9rale helen.kordatzis@fcr.ca 514-467-6815 Contrat de location Philip Haralambides, Directeur principal, Location philip.haralambides@fcr.ca 514-241-5374","og_url":"https:\/\/www.centrewilderton.com\/fr\/contact\/","og_site_name":"Centre Wilderton","article_modified_time":"2026-03-23T12:28:12+00:00","og_image":[{"width":1517,"height":900,"url":"https:\/\/www.centrewilderton.com\/wp-content\/uploads\/sites\/11\/2025\/11\/Website-Property-Banner-Image-Central--e1764270697100.jpg","type":"image\/jpeg"}],"twitter_card":"summary_large_image","twitter_misc":{"Dur\u00e9e de lecture estim\u00e9e":"1 minute"},"schema":{"@context":"https:\/\/schema.org","@graph":[{"@type":"WebPage","@id":"https:\/\/www.centrewilderton.com\/fr\/contact\/","url":"https:\/\/www.centrewilderton.com\/fr\/contact\/","name":"Contact - Centre Wilderton","isPartOf":{"@id":"https:\/\/www.centrewilderton.com\/fr\/#website"},"primaryImageOfPage":{"@id":"https:\/\/www.centrewilderton.com\/fr\/contact\/#primaryimage"},"image":{"@id":"https:\/\/www.centrewilderton.com\/fr\/contact\/#primaryimage"},"thumbnailUrl":"https:\/\/www.centrewilderton.com\/wp-content\/uploads\/sites\/11\/2025\/11\/Website-Property-Banner-Image-Central--e1764270697100.jpg","datePublished":"2025-02-06T18:10:16+00:00","dateModified":"2026-03-23T12:28:12+00:00","breadcrumb":{"@id":"https:\/\/www.centrewilderton.com\/fr\/contact\/#breadcrumb"},"inLanguage":"fr-FR","potentialAction":[{"@type":"ReadAction","target":["https:\/\/www.centrewilderton.com\/fr\/contact\/"]}]},{"@type":"ImageObject","inLanguage":"fr-FR","@id":"https:\/\/www.centrewilderton.com\/fr\/contact\/#primaryimage","url":"https:\/\/www.centrewilderton.com\/wp-content\/uploads\/sites\/11\/2025\/11\/Website-Property-Banner-Image-Central--e1764270697100.jpg","contentUrl":"https:\/\/www.centrewilderton.com\/wp-content\/uploads\/sites\/11\/2025\/11\/Website-Property-Banner-Image-Central--e1764270697100.jpg","width":1517,"height":900},{"@type":"BreadcrumbList","@id":"https:\/\/www.centrewilderton.com\/fr\/contact\/#breadcrumb","itemListElement":[{"@type":"ListItem","position":1,"name":"Home","item":"https:\/\/www.centrewilderton.com\/fr\/"},{"@type":"ListItem","position":2,"name":"Contact"}]},{"@type":"WebSite","@id":"https:\/\/www.centrewilderton.com\/fr\/#website","url":"https:\/\/www.centrewilderton.com\/fr\/","name":"Centre Wilderton","description":"","potentialAction":[{"@type":"SearchAction","target":{"@type":"EntryPoint","urlTemplate":"https:\/\/www.centrewilderton.com\/fr\/?s={search_term_string}"},"query-input":{"@type":"PropertyValueSpecification","valueRequired":true,"valueName":"search_term_string"}}],"inLanguage":"fr-FR"}]}},"_links":{"self":[{"href":"https:\/\/www.centrewilderton.com\/fr\/wp-json\/wp\/v2\/pages\/1483","targetHints":{"allow":["GET"]}}],"collection":[{"href":"https:\/\/www.centrewilderton.com\/fr\/wp-json\/wp\/v2\/pages"}],"about":[{"href":"https:\/\/www.centrewilderton.com\/fr\/wp-json\/wp\/v2\/types\/page"}],"author":[{"embeddable":true,"href":"https:\/\/www.centrewilderton.com\/fr\/wp-json\/wp\/v2\/users\/1"}],"replies":[{"embeddable":true,"href":"https:\/\/www.centrewilderton.com\/fr\/wp-json\/wp\/v2\/comments?post=1483"}],"version-history":[{"count":4,"href":"https:\/\/www.centrewilderton.com\/fr\/wp-json\/wp\/v2\/pages\/1483\/revisions"}],"predecessor-version":[{"id":1548,"href":"https:\/\/www.centrewilderton.com\/fr\/wp-json\/wp\/v2\/pages\/1483\/revisions\/1548"}],"wp:featuredmedia":[{"embeddable":true,"href":"https:\/\/www.centrewilderton.com\/fr\/wp-json\/wp\/v2\/media\/1482"}],"wp:attachment":[{"href":"https:\/\/www.centrewilderton.com\/fr\/wp-json\/wp\/v2\/media?parent=1483"}],"curies":[{"name":"wp","href":"https:\/\/api.w.org\/{rel}","templated":true}]}}